{"id":8,"date":"2026-05-15T11:43:10","date_gmt":"2026-05-15T14:43:10","guid":{"rendered":"https:\/\/centralrom.com.br\/?page_id=8"},"modified":"2026-05-16T01:16:56","modified_gmt":"2026-05-16T04:16:56","slug":"inicio","status":"publish","type":"page","link":"https:\/\/centralrom.com.br\/","title":{"rendered":""},"content":{"rendered":"<div class=\"n2-section-smartslider fitvidsignore  n2_clear\" data-ssid=\"2\" tabindex=\"0\" role=\"region\" aria-label=\"Slider\"><div id=\"n2-ss-2-align\" class=\"n2-ss-align\" style=\"margin: 0 auto; max-width: 1200px;\"><div class=\"n2-padding\"><div id=\"n2-ss-2\" data-creator=\"Smart Slider 3\" data-responsive=\"auto\" class=\"n2-ss-slider n2-ow n2-has-hover n2notransition  \">\n\n\n\n<div class=\"n2-ss-slider-wrapper-outside\" style=\"grid-template-rows:1fr auto\"><div class=\"n2-ss-slider-wrapper-inside\">\n        <div class=\"n2-ss-slider-1 n2_ss__touch_element n2-ow\">\n            <div class=\"n2-ss-slider-2 n2-ow\">\n                                                <div class=\"n2-ss-slider-3 n2-ow\">\n\n                    <div class=\"n2-ss-slide-backgrounds n2-ow-all\"><div class=\"n2-ss-slide-background\" data-public-id=\"1\" data-mode=\"fill\" aria-hidden=\"true\"><div class=\"n2-ss-slide-background-image\" data-blur=\"0\" data-opacity=\"100\" data-x=\"50\" data-y=\"50\" data-alt=\"slide 1\" data-title=\"\"><picture class=\"skip-lazy\" data-skip-lazy=\"1\"><img decoding=\"async\" src=\"\/\/centralrom.com.br\/wp-content\/uploads\/slider\/cache\/708f8e692c291a3af1b706345e604de7\/1.webp\" alt=\"slide 1\" title=\"\" loading=\"lazy\" class=\"skip-lazy\" data-skip-lazy=\"1\"><\/picture><\/div><div data-color=\"RGBA(255,255,255,0)\" style=\"background-color: RGBA(255,255,255,0);\" class=\"n2-ss-slide-background-color\"><\/div><\/div><div class=\"n2-ss-slide-background\" data-public-id=\"2\" data-mode=\"fill\"><div class=\"n2-ss-slide-background-image\" data-blur=\"0\" data-opacity=\"100\" data-x=\"50\" data-y=\"50\" data-alt=\"\" data-title=\"\"><picture class=\"skip-lazy\" data-skip-lazy=\"1\"><img decoding=\"async\" src=\"\/\/centralrom.com.br\/wp-content\/uploads\/slider\/cache\/146a0892a77dd550f7184ee75c442742\/2.webp\" alt=\"\" title=\"\" loading=\"lazy\" class=\"skip-lazy\" data-skip-lazy=\"1\"><\/picture><\/div><div data-color=\"RGBA(255,255,255,0)\" style=\"background-color: RGBA(255,255,255,0);\" class=\"n2-ss-slide-background-color\"><\/div><\/div><div class=\"n2-ss-slide-background\" data-public-id=\"3\" data-mode=\"fill\" aria-hidden=\"true\"><div class=\"n2-ss-slide-background-image\" data-blur=\"0\" data-opacity=\"100\" data-x=\"50\" data-y=\"50\" data-alt=\"\" data-title=\"\"><picture class=\"skip-lazy\" data-skip-lazy=\"1\"><img decoding=\"async\" src=\"\/\/centralrom.com.br\/wp-content\/uploads\/slider\/cache\/b5dc6fec10356177dbdb81a9827c873a\/3.webp\" alt=\"\" title=\"\" loading=\"lazy\" class=\"skip-lazy\" data-skip-lazy=\"1\"><\/picture><\/div><div data-color=\"RGBA(255,255,255,0)\" style=\"background-color: RGBA(255,255,255,0);\" class=\"n2-ss-slide-background-color\"><\/div><\/div><div class=\"n2-ss-slide-background\" data-public-id=\"4\" data-mode=\"fill\" aria-hidden=\"true\"><div class=\"n2-ss-slide-background-image\" data-blur=\"0\" data-opacity=\"100\" data-x=\"50\" data-y=\"50\" data-alt=\"\" data-title=\"\"><picture class=\"skip-lazy\" data-skip-lazy=\"1\"><img decoding=\"async\" src=\"\/\/centralrom.com.br\/wp-content\/uploads\/slider\/cache\/b17a8757c855b57e82a3fdf10e063809\/4.webp\" alt=\"\" title=\"\" loading=\"lazy\" class=\"skip-lazy\" data-skip-lazy=\"1\"><\/picture><\/div><div data-color=\"RGBA(255,255,255,0)\" style=\"background-color: RGBA(255,255,255,0);\" class=\"n2-ss-slide-background-color\"><\/div><\/div><\/div>                    <div class=\"n2-ss-slider-4 n2-ow\">\n                        <svg xmlns=\"http:\/\/www.w3.org\/2000\/svg\" viewBox=\"0 0 1200 600\" data-related-device=\"desktopPortrait\" class=\"n2-ow n2-ss-preserve-size n2-ss-preserve-size--slider n2-ss-slide-limiter\"><\/svg><div data-slide-duration=\"0\" data-id=\"3\" data-slide-public-id=\"1\" aria-hidden=\"true\" data-title=\"Image Slide 2\" class=\"n2-ss-slide n2-ow  n2-ss-slide-3\"><div role=\"note\" class=\"n2-ss-slide--focus\" tabindex=\"-1\">Image Slide 2<\/div><div class=\"n2-ss-layers-container n2-ss-slide-limiter n2-ow\"><div class=\"n2-ss-layer n2-ow n-uc-yynNKuCBNmad\" data-sstype=\"slide\" data-pm=\"default\"><div class=\"n2-ss-layer n2-ow n-uc-1beb93a18130d\" data-pm=\"default\" data-sstype=\"content\" data-hasbackground=\"0\"><div class=\"n2-ss-section-main-content n2-ss-layer-with-background n2-ss-layer-content n2-ow n-uc-1beb93a18130d-inner\"><div class=\"n2-ss-layer n2-ow n-uc-nRg0XcJVmCOe n2-ss-layer--auto\" data-pm=\"normal\" data-sstype=\"layer\"><div id=\"n2-ss-2item1\" class=\"n2-font-28bee13f3574d7032d767f09f9d8ee11-hover n2-style-f04cc1cbb7e5d123678bfad3a191fa78-heading   n2-ss-item-content n2-ss-text n2-ow\" style=\"display:inline-block;\">CENTRAL ROM<\/div><\/div><\/div><\/div><\/div><\/div><\/div><div data-first=\"1\" data-slide-duration=\"0\" data-id=\"4\" data-slide-public-id=\"2\" data-title=\"Image Slide 1\" class=\"n2-ss-slide n2-ow  n2-ss-slide-4\"><div role=\"note\" class=\"n2-ss-slide--focus\" tabindex=\"-1\">Image Slide 1<\/div><div class=\"n2-ss-layers-container n2-ss-slide-limiter n2-ow\"><div class=\"n2-ss-layer n2-ow n-uc-dTcE9CU2Gw9m\" data-sstype=\"slide\" data-pm=\"default\"><div class=\"n2-ss-layer n2-ow n-uc-1ac6423bc1692\" data-pm=\"default\" data-sstype=\"content\" data-hasbackground=\"0\"><div class=\"n2-ss-section-main-content n2-ss-layer-with-background n2-ss-layer-content n2-ow n-uc-1ac6423bc1692-inner\"><div class=\"n2-ss-layer n2-ow n-uc-kHXCp0BnoIYu n2-ss-layer--auto\" data-pm=\"normal\" data-sstype=\"layer\"><div id=\"n2-ss-2item2\" class=\"n2-font-28bee13f3574d7032d767f09f9d8ee11-hover n2-style-f04cc1cbb7e5d123678bfad3a191fa78-heading   n2-ss-item-content n2-ss-text n2-ow\" style=\"display:inline-block;\"><\/div><\/div><\/div><\/div><\/div><\/div><\/div><div data-slide-duration=\"0\" data-id=\"5\" data-slide-public-id=\"3\" aria-hidden=\"true\" data-title=\"Image Slide 3\" class=\"n2-ss-slide n2-ow  n2-ss-slide-5\"><div role=\"note\" class=\"n2-ss-slide--focus\" tabindex=\"-1\">Image Slide 3<\/div><div class=\"n2-ss-layers-container n2-ss-slide-limiter n2-ow\"><div class=\"n2-ss-layer n2-ow n-uc-clmkYwcntWM1\" data-sstype=\"slide\" data-pm=\"default\"><\/div><\/div><\/div><div data-slide-duration=\"0\" data-id=\"6\" data-slide-public-id=\"4\" aria-hidden=\"true\" data-title=\"Image Slide 3\" class=\"n2-ss-slide n2-ow  n2-ss-slide-6\"><div role=\"note\" class=\"n2-ss-slide--focus\" tabindex=\"-1\">Image Slide 3<\/div><div class=\"n2-ss-layers-container n2-ss-slide-limiter n2-ow\"><div class=\"n2-ss-layer n2-ow n-uc-XXQduvDKsgDF\" data-sstype=\"slide\" data-pm=\"default\"><\/div><\/div><\/div>                    <\/div>\n\n                                    <\/div>\n            <\/div>\n        <\/div>\n        <div class=\"n2-ss-slider-controls n2-ss-slider-controls-absolute-left-center\"><div style=\"--widget-offset:15px;\" class=\"n2-ss-widget nextend-arrow n2-ow-all nextend-arrow-previous  nextend-arrow-animated-fade\" id=\"n2-ss-2-arrow-previous\" role=\"button\" aria-label=\"previous arrow\" tabindex=\"0\"><img loading=\"lazy\" decoding=\"async\" width=\"32\" height=\"32\" class=\"n2-arrow-normal-img skip-lazy\" data-skip-lazy=\"1\" src=\"data:image\/svg+xml;base64,PHN2ZyB3aWR0aD0iMzIiIGhlaWdodD0iMzIiIHZpZXdCb3g9IjAgMCAzMiAzMiIgeG1sbnM9Imh0dHA6Ly93d3cudzMub3JnLzIwMDAvc3ZnIj4KICAgIDxwYXRoIGQ9Ik0xMS40MzMgMTUuOTkyTDIyLjY5IDUuNzEyYy4zOTMtLjM5LjM5My0xLjAzIDAtMS40Mi0uMzkzLS4zOS0xLjAzLS4zOS0xLjQyMyAwbC0xMS45OCAxMC45NGMtLjIxLjIxLS4zLjQ5LS4yODUuNzYtLjAxNS4yOC4wNzUuNTYuMjg0Ljc3bDExLjk4IDEwLjk0Yy4zOTMuMzkgMS4wMy4zOSAxLjQyNCAwIC4zOTMtLjQuMzkzLTEuMDMgMC0xLjQybC0xMS4yNTctMTAuMjkiCiAgICAgICAgICBmaWxsPSIjZmZmZmZmIiBvcGFjaXR5PSIwLjgiIGZpbGwtcnVsZT0iZXZlbm9kZCIvPgo8L3N2Zz4=\" alt=\"previous arrow\"><img loading=\"lazy\" decoding=\"async\" width=\"32\" height=\"32\" class=\"n2-arrow-hover-img skip-lazy\" data-skip-lazy=\"1\" src=\"data:image\/svg+xml;base64,PHN2ZyB3aWR0aD0iMzIiIGhlaWdodD0iMzIiIHZpZXdCb3g9IjAgMCAzMiAzMiIgeG1sbnM9Imh0dHA6Ly93d3cudzMub3JnLzIwMDAvc3ZnIj4KICAgIDxwYXRoIGQ9Ik0xMS40MzMgMTUuOTkyTDIyLjY5IDUuNzEyYy4zOTMtLjM5LjM5My0xLjAzIDAtMS40Mi0uMzkzLS4zOS0xLjAzLS4zOS0xLjQyMyAwbC0xMS45OCAxMC45NGMtLjIxLjIxLS4zLjQ5LS4yODUuNzYtLjAxNS4yOC4wNzUuNTYuMjg0Ljc3bDExLjk4IDEwLjk0Yy4zOTMuMzkgMS4wMy4zOSAxLjQyNCAwIC4zOTMtLjQuMzkzLTEuMDMgMC0xLjQybC0xMS4yNTctMTAuMjkiCiAgICAgICAgICBmaWxsPSIjZmZmZmZmIiBvcGFjaXR5PSIxIiBmaWxsLXJ1bGU9ImV2ZW5vZGQiLz4KPC9zdmc+\" alt=\"previous arrow\"><\/div><\/div><div class=\"n2-ss-slider-controls n2-ss-slider-controls-absolute-right-center\"><div style=\"--widget-offset:15px;\" class=\"n2-ss-widget nextend-arrow n2-ow-all nextend-arrow-next  nextend-arrow-animated-fade\" id=\"n2-ss-2-arrow-next\" role=\"button\" aria-label=\"next arrow\" tabindex=\"0\"><img loading=\"lazy\" decoding=\"async\" width=\"32\" height=\"32\" class=\"n2-arrow-normal-img skip-lazy\" data-skip-lazy=\"1\" src=\"data:image\/svg+xml;base64,PHN2ZyB3aWR0aD0iMzIiIGhlaWdodD0iMzIiIHZpZXdCb3g9IjAgMCAzMiAzMiIgeG1sbnM9Imh0dHA6Ly93d3cudzMub3JnLzIwMDAvc3ZnIj4KICAgIDxwYXRoIGQ9Ik0xMC43MjIgNC4yOTNjLS4zOTQtLjM5LTEuMDMyLS4zOS0xLjQyNyAwLS4zOTMuMzktLjM5MyAxLjAzIDAgMS40MmwxMS4yODMgMTAuMjgtMTEuMjgzIDEwLjI5Yy0uMzkzLjM5LS4zOTMgMS4wMiAwIDEuNDIuMzk1LjM5IDEuMDMzLjM5IDEuNDI3IDBsMTIuMDA3LTEwLjk0Yy4yMS0uMjEuMy0uNDkuMjg0LS43Ny4wMTQtLjI3LS4wNzYtLjU1LS4yODYtLjc2TDEwLjcyIDQuMjkzeiIKICAgICAgICAgIGZpbGw9IiNmZmZmZmYiIG9wYWNpdHk9IjAuOCIgZmlsbC1ydWxlPSJldmVub2RkIi8+Cjwvc3ZnPg==\" alt=\"next arrow\"><img loading=\"lazy\" decoding=\"async\" width=\"32\" height=\"32\" class=\"n2-arrow-hover-img skip-lazy\" data-skip-lazy=\"1\" src=\"data:image\/svg+xml;base64,PHN2ZyB3aWR0aD0iMzIiIGhlaWdodD0iMzIiIHZpZXdCb3g9IjAgMCAzMiAzMiIgeG1sbnM9Imh0dHA6Ly93d3cudzMub3JnLzIwMDAvc3ZnIj4KICAgIDxwYXRoIGQ9Ik0xMC43MjIgNC4yOTNjLS4zOTQtLjM5LTEuMDMyLS4zOS0xLjQyNyAwLS4zOTMuMzktLjM5MyAxLjAzIDAgMS40MmwxMS4yODMgMTAuMjgtMTEuMjgzIDEwLjI5Yy0uMzkzLjM5LS4zOTMgMS4wMiAwIDEuNDIuMzk1LjM5IDEuMDMzLjM5IDEuNDI3IDBsMTIuMDA3LTEwLjk0Yy4yMS0uMjEuMy0uNDkuMjg0LS43Ny4wMTQtLjI3LS4wNzYtLjU1LS4yODYtLjc2TDEwLjcyIDQuMjkzeiIKICAgICAgICAgIGZpbGw9IiNmZmZmZmYiIG9wYWNpdHk9IjEiIGZpbGwtcnVsZT0iZXZlbm9kZCIvPgo8L3N2Zz4=\" alt=\"next arrow\"><\/div><\/div><div class=\"n2-ss-slider-controls n2-ss-slider-controls-absolute-center-bottom\"><div style=\"--widget-offset:10px;\" class=\"n2-ss-widget n2-ss-control-bullet n2-ow-all n2-ss-control-bullet-horizontal\"><div class=\" nextend-bullet-bar n2-bar-justify-content-center\" role=\"group\" aria-label=\"Choose slide to display.\"><div class=\"n2-bullet n2-style-13586a9834f840c6e3b0e8ac4aa4b69c-dot \" style=\"visibility:hidden;\"><\/div><\/div><\/div><\/div><\/div><div class=\"n2-ss-slider-controls n2-ss-slider-controls-below\"><div class=\"n2-ss-widget nextend-shadow n2-ow-all\"><img decoding=\"async\" width=\"1120\" height=\"50\" style=\"display: block; width:100%;max-width:none;\" class=\"nextend-shadow-image skip-lazy\" loading=\"lazy\" data-skip-lazy=\"1\" src=\"https:\/\/centralrom.com.br\/wp-content\/plugins\/smart-slider-3\/Public\/SmartSlider3\/Widget\/Shadow\/ShadowImage\/Assets\/shadow\/dark.png\" alt=\"Shadow\"><\/div><\/div><\/div><\/div><ss3-loader><\/ss3-loader><\/div><\/div><div class=\"n2_clear\"><\/div><\/div>\n\n\n<p>Central Rom \u00e9 o principal destino no Brasil para usu\u00e1rios de TV Box que buscam Firmware de alta qualidade. Nossa miss\u00e3o \u00e9 fornecer uma cole\u00e7\u00e3o crescente e mais abrangente de Firmware, garantindo que nossos usu\u00e1rios tenham acesso \u00e0s atualiza\u00e7\u00f5es mais recentes para seus dispositivos.<\/p>\n\n\n\n<div class=\"wp-block-media-text is-stacked-on-mobile\" style=\"grid-template-columns:24% auto\"><figure class=\"wp-block-media-text__media\"><img loading=\"lazy\" decoding=\"async\" width=\"1024\" height=\"819\" src=\"https:\/\/centralrom.com.br\/wp-content\/uploads\/2026\/05\/ChatGPT-Image-15-de-mai.-de-2026-16_56_43-1024x819.png\" alt=\"\" class=\"wp-image-114 size-full\" srcset=\"https:\/\/centralrom.com.br\/wp-content\/uploads\/2026\/05\/ChatGPT-Image-15-de-mai.-de-2026-16_56_43-1024x819.png 1024w, https:\/\/centralrom.com.br\/wp-content\/uploads\/2026\/05\/ChatGPT-Image-15-de-mai.-de-2026-16_56_43-300x240.png 300w, https:\/\/centralrom.com.br\/wp-content\/uploads\/2026\/05\/ChatGPT-Image-15-de-mai.-de-2026-16_56_43-768x615.png 768w, https:\/\/centralrom.com.br\/wp-content\/uploads\/2026\/05\/ChatGPT-Image-15-de-mai.-de-2026-16_56_43.png 1402w\" sizes=\"auto, (max-width: 1024px) 100vw, 1024px\" \/><\/figure><div class=\"wp-block-media-text__content\">\n<p>Disponibilizamos uma vasta gama de Firmware para diferentes marcas e modelos de TV Box, desde os mais populares at\u00e9 os menos conhecidos, garantindo que voc\u00ea sempre encontre a vers\u00e3o correta para o seu dispositivo. Temos os Firmware dos principais fabricantes de processadores do mundo, como Allwinner, Amlogic e Rockchip. Al\u00e9m das Firmware disponibilizamos tamb\u00e9m os Programas e Drivers necess\u00e1rio para o correto funcionamento e upgrade do seu dispositivo.<\/p>\n\n\n\n<p>Nosso site \u00e9 projetado para facilitar a busca por Firmware. Com categorias organizadas e uma ferramenta de busca eficiente, aqui voc\u00ea pode encontrar rapidamente o Firmware que precisa em um site com uma navega\u00e7\u00e3o simples, mas eficiente.<br>Nosso objetivo \u00e9 tornar o processo de busca de Firmware o mais simples poss\u00edvel.<\/p>\n<\/div><\/div>\n\n\n\n<div class=\"wp-block-media-text is-stacked-on-mobile\" style=\"grid-template-columns:24% auto\"><figure class=\"wp-block-media-text__media\"><img loading=\"lazy\" decoding=\"async\" width=\"1024\" height=\"683\" src=\"http:\/\/centralrom.com.br\/wp-content\/uploads\/2026\/05\/ChatGPT-Image-15-de-mai.-de-2026-16_56_06-1024x683.png\" alt=\"\" class=\"wp-image-119 size-full\" srcset=\"https:\/\/centralrom.com.br\/wp-content\/uploads\/2026\/05\/ChatGPT-Image-15-de-mai.-de-2026-16_56_06-1024x683.png 1024w, https:\/\/centralrom.com.br\/wp-content\/uploads\/2026\/05\/ChatGPT-Image-15-de-mai.-de-2026-16_56_06-300x200.png 300w, https:\/\/centralrom.com.br\/wp-content\/uploads\/2026\/05\/ChatGPT-Image-15-de-mai.-de-2026-16_56_06-768x512.png 768w, https:\/\/centralrom.com.br\/wp-content\/uploads\/2026\/05\/ChatGPT-Image-15-de-mai.-de-2026-16_56_06-930x620.png 930w, https:\/\/centralrom.com.br\/wp-content\/uploads\/2026\/05\/ChatGPT-Image-15-de-mai.-de-2026-16_56_06.png 1536w\" sizes=\"auto, (max-width: 1024px) 100vw, 1024px\" \/><\/figure><div class=\"wp-block-media-text__content\">\n<p class=\"has-text-align-left\">Na Central Rom, acreditamos no poder da comunidade. Nossa plataforma permite que os usu\u00e1rios compartilhem experi\u00eancias no Telegram. Atrav\u00e9s do nosso grupo Central Rom TV Box com dicas e solu\u00e7\u00f5es e a participa\u00e7\u00e3o de todos os membros promovendo um ambiente colaborativo onde todos aprendam e cres\u00e7am juntos.<br>Estamos sempre buscando as \u00faltimas atualiza\u00e7\u00f5es e melhorias. Nos dedicamos a monitorar as novidades do mercado para que nossos usu\u00e1rios tenham sempre acesso ao que h\u00e1 de melhor em lan\u00e7amentos de novas Firmware.<\/p>\n<\/div><\/div>\n\n\n\n<p>Junte-se \u00e0 nossa comunidade e descubra tudo o que a Central Rom tem a oferecer!<\/p>\n","protected":false},"excerpt":{"rendered":"<p>Central Rom \u00e9 o principal destino no Brasil para usu\u00e1rios de TV Box que buscam Firmware de alta qualidade. Nossa miss\u00e3o \u00e9 fornecer uma cole\u00e7\u00e3o crescente e mais abrangente de Firmware, garantindo que nossos usu\u00e1rios tenham acesso \u00e0s atualiza\u00e7\u00f5es mais recentes para seus dispositivos. Disponibilizamos uma vasta gama de Firmware para diferentes marcas e modelos&hellip;&nbsp;<\/p>\n","protected":false},"author":1,"featured_media":0,"parent":0,"menu_order":0,"comment_status":"closed","ping_status":"closed","template":"","meta":{"neve_meta_sidebar":"","neve_meta_container":"","neve_meta_enable_content_width":"","neve_meta_content_width":0,"neve_meta_title_alignment":"","neve_meta_author_avatar":"","neve_post_elements_order":"","neve_meta_disable_header":"","neve_meta_disable_footer":"","neve_meta_disable_title":"","footnotes":""},"class_list":["post-8","page","type-page","status-publish","hentry"],"yoast_head":"<!-- This site is optimized with the Yoast SEO plugin v27.6 - https:\/\/yoast.com\/product\/yoast-seo-wordpress\/ -->\n<title>INICIO - CENTRAL ROM<\/title>\n<meta name=\"robots\" content=\"index, follow, max-snippet:-1, max-image-preview:large, max-video-preview:-1\" \/>\n<link rel=\"canonical\" href=\"https:\/\/centralrom.com.br\/\" \/>\n<meta property=\"og:locale\" content=\"pt_BR\" \/>\n<meta property=\"og:type\" content=\"article\" \/>\n<meta property=\"og:title\" content=\"INICIO - CENTRAL ROM\" \/>\n<meta property=\"og:description\" content=\"Central Rom \u00e9 o principal destino no Brasil para usu\u00e1rios de TV Box que buscam Firmware de alta qualidade. Nossa miss\u00e3o \u00e9 fornecer uma cole\u00e7\u00e3o crescente e mais abrangente de Firmware, garantindo que nossos usu\u00e1rios tenham acesso \u00e0s atualiza\u00e7\u00f5es mais recentes para seus dispositivos. Disponibilizamos uma vasta gama de Firmware para diferentes marcas e modelos&hellip;&nbsp;\" \/>\n<meta property=\"og:url\" content=\"https:\/\/centralrom.com.br\/\" \/>\n<meta property=\"og:site_name\" content=\"CENTRAL ROM\" \/>\n<meta property=\"article:modified_time\" content=\"2026-05-16T04:16:56+00:00\" \/>\n<meta property=\"og:image\" content=\"https:\/\/centralrom.com.br\/wp-content\/uploads\/2026\/05\/ChatGPT-Image-15-de-mai.-de-2026-16_56_43-1024x819.png\" \/>\n<meta name=\"twitter:card\" content=\"summary_large_image\" \/>\n<meta name=\"twitter:label1\" content=\"Est. tempo de leitura\" \/>\n\t<meta name=\"twitter:data1\" content=\"2 minutos\" \/>\n<script type=\"application\/ld+json\" class=\"yoast-schema-graph\">{\"@context\":\"https:\\\/\\\/schema.org\",\"@graph\":[{\"@type\":\"WebPage\",\"@id\":\"https:\\\/\\\/centralrom.com.br\\\/\",\"url\":\"https:\\\/\\\/centralrom.com.br\\\/\",\"name\":\"INICIO - CENTRAL ROM\",\"isPartOf\":{\"@id\":\"https:\\\/\\\/centralrom.com.br\\\/#website\"},\"primaryImageOfPage\":{\"@id\":\"https:\\\/\\\/centralrom.com.br\\\/#primaryimage\"},\"image\":{\"@id\":\"https:\\\/\\\/centralrom.com.br\\\/#primaryimage\"},\"thumbnailUrl\":\"https:\\\/\\\/centralrom.com.br\\\/wp-content\\\/uploads\\\/2026\\\/05\\\/ChatGPT-Image-15-de-mai.-de-2026-16_56_43-1024x819.png\",\"datePublished\":\"2026-05-15T14:43:10+00:00\",\"dateModified\":\"2026-05-16T04:16:56+00:00\",\"breadcrumb\":{\"@id\":\"https:\\\/\\\/centralrom.com.br\\\/#breadcrumb\"},\"inLanguage\":\"pt-BR\",\"potentialAction\":[{\"@type\":\"ReadAction\",\"target\":[\"https:\\\/\\\/centralrom.com.br\\\/\"]}]},{\"@type\":\"ImageObject\",\"inLanguage\":\"pt-BR\",\"@id\":\"https:\\\/\\\/centralrom.com.br\\\/#primaryimage\",\"url\":\"https:\\\/\\\/centralrom.com.br\\\/wp-content\\\/uploads\\\/2026\\\/05\\\/ChatGPT-Image-15-de-mai.-de-2026-16_56_43.png\",\"contentUrl\":\"https:\\\/\\\/centralrom.com.br\\\/wp-content\\\/uploads\\\/2026\\\/05\\\/ChatGPT-Image-15-de-mai.-de-2026-16_56_43.png\",\"width\":1402,\"height\":1122},{\"@type\":\"BreadcrumbList\",\"@id\":\"https:\\\/\\\/centralrom.com.br\\\/#breadcrumb\",\"itemListElement\":[{\"@type\":\"ListItem\",\"position\":1,\"name\":\"In\u00edcio\",\"item\":\"https:\\\/\\\/centralrom.com.br\\\/\"},{\"@type\":\"ListItem\",\"position\":2,\"name\":\"INICIO\"}]},{\"@type\":\"WebSite\",\"@id\":\"https:\\\/\\\/centralrom.com.br\\\/#website\",\"url\":\"https:\\\/\\\/centralrom.com.br\\\/\",\"name\":\"CENTRAL ROM\",\"description\":\"\",\"potentialAction\":[{\"@type\":\"SearchAction\",\"target\":{\"@type\":\"EntryPoint\",\"urlTemplate\":\"https:\\\/\\\/centralrom.com.br\\\/?s={search_term_string}\"},\"query-input\":{\"@type\":\"PropertyValueSpecification\",\"valueRequired\":true,\"valueName\":\"search_term_string\"}}],\"inLanguage\":\"pt-BR\"}]}<\/script>\n<!-- \/ Yoast SEO plugin. -->","yoast_head_json":{"title":"INICIO - CENTRAL ROM","robots":{"index":"index","follow":"follow","max-snippet":"max-snippet:-1","max-image-preview":"max-image-preview:large","max-video-preview":"max-video-preview:-1"},"canonical":"https:\/\/centralrom.com.br\/","og_locale":"pt_BR","og_type":"article","og_title":"INICIO - CENTRAL ROM","og_description":"Central Rom \u00e9 o principal destino no Brasil para usu\u00e1rios de TV Box que buscam Firmware de alta qualidade. Nossa miss\u00e3o \u00e9 fornecer uma cole\u00e7\u00e3o crescente e mais abrangente de Firmware, garantindo que nossos usu\u00e1rios tenham acesso \u00e0s atualiza\u00e7\u00f5es mais recentes para seus dispositivos. Disponibilizamos uma vasta gama de Firmware para diferentes marcas e modelos&hellip;&nbsp;","og_url":"https:\/\/centralrom.com.br\/","og_site_name":"CENTRAL ROM","article_modified_time":"2026-05-16T04:16:56+00:00","og_image":[{"url":"https:\/\/centralrom.com.br\/wp-content\/uploads\/2026\/05\/ChatGPT-Image-15-de-mai.-de-2026-16_56_43-1024x819.png","type":"","width":"","height":""}],"twitter_card":"summary_large_image","twitter_misc":{"Est. tempo de leitura":"2 minutos"},"schema":{"@context":"https:\/\/schema.org","@graph":[{"@type":"WebPage","@id":"https:\/\/centralrom.com.br\/","url":"https:\/\/centralrom.com.br\/","name":"INICIO - CENTRAL ROM","isPartOf":{"@id":"https:\/\/centralrom.com.br\/#website"},"primaryImageOfPage":{"@id":"https:\/\/centralrom.com.br\/#primaryimage"},"image":{"@id":"https:\/\/centralrom.com.br\/#primaryimage"},"thumbnailUrl":"https:\/\/centralrom.com.br\/wp-content\/uploads\/2026\/05\/ChatGPT-Image-15-de-mai.-de-2026-16_56_43-1024x819.png","datePublished":"2026-05-15T14:43:10+00:00","dateModified":"2026-05-16T04:16:56+00:00","breadcrumb":{"@id":"https:\/\/centralrom.com.br\/#breadcrumb"},"inLanguage":"pt-BR","potentialAction":[{"@type":"ReadAction","target":["https:\/\/centralrom.com.br\/"]}]},{"@type":"ImageObject","inLanguage":"pt-BR","@id":"https:\/\/centralrom.com.br\/#primaryimage","url":"https:\/\/centralrom.com.br\/wp-content\/uploads\/2026\/05\/ChatGPT-Image-15-de-mai.-de-2026-16_56_43.png","contentUrl":"https:\/\/centralrom.com.br\/wp-content\/uploads\/2026\/05\/ChatGPT-Image-15-de-mai.-de-2026-16_56_43.png","width":1402,"height":1122},{"@type":"BreadcrumbList","@id":"https:\/\/centralrom.com.br\/#breadcrumb","itemListElement":[{"@type":"ListItem","position":1,"name":"In\u00edcio","item":"https:\/\/centralrom.com.br\/"},{"@type":"ListItem","position":2,"name":"INICIO"}]},{"@type":"WebSite","@id":"https:\/\/centralrom.com.br\/#website","url":"https:\/\/centralrom.com.br\/","name":"CENTRAL ROM","description":"","potentialAction":[{"@type":"SearchAction","target":{"@type":"EntryPoint","urlTemplate":"https:\/\/centralrom.com.br\/?s={search_term_string}"},"query-input":{"@type":"PropertyValueSpecification","valueRequired":true,"valueName":"search_term_string"}}],"inLanguage":"pt-BR"}]}},"_links":{"self":[{"href":"https:\/\/centralrom.com.br\/index.php?rest_route=\/wp\/v2\/pages\/8","targetHints":{"allow":["GET"]}}],"collection":[{"href":"https:\/\/centralrom.com.br\/index.php?rest_route=\/wp\/v2\/pages"}],"about":[{"href":"https:\/\/centralrom.com.br\/index.php?rest_route=\/wp\/v2\/types\/page"}],"author":[{"embeddable":true,"href":"https:\/\/centralrom.com.br\/index.php?rest_route=\/wp\/v2\/users\/1"}],"replies":[{"embeddable":true,"href":"https:\/\/centralrom.com.br\/index.php?rest_route=%2Fwp%2Fv2%2Fcomments&post=8"}],"version-history":[{"count":8,"href":"https:\/\/centralrom.com.br\/index.php?rest_route=\/wp\/v2\/pages\/8\/revisions"}],"predecessor-version":[{"id":135,"href":"https:\/\/centralrom.com.br\/index.php?rest_route=\/wp\/v2\/pages\/8\/revisions\/135"}],"wp:attachment":[{"href":"https:\/\/centralrom.com.br\/index.php?rest_route=%2Fwp%2Fv2%2Fmedia&parent=8"}],"curies":[{"name":"wp","href":"https:\/\/api.w.org\/{rel}","templated":true}]}}